{"id":242,"date":"2016-11-09T22:50:43","date_gmt":"2016-11-09T22:50:43","guid":{"rendered":"https:\/\/oceanwp.org\/architect\/?page_id=242"},"modified":"2019-08-17T16:11:05","modified_gmt":"2019-08-17T16:11:05","slug":"home","status":"publish","type":"page","link":"http:\/\/www.briarwood.de\/","title":{"rendered":"Home"},"content":{"rendered":"\t\t<div data-elementor-type=\"wp-post\" data-elementor-id=\"242\" class=\"elementor elementor-242\">\n\t\t\t\t\t\t<div class=\"elementor-inner\">\n\t\t\t\t<div class=\"elementor-section-wrap\">\n\t\t\t\t\t\t\t\t\t<section class=\"elementor-section elementor-top-section elementor-element elementor-element-cig4q6x elementor-section-height-full elementor-section-boxed elementor-section-height-default elementor-section-items-middle\" data-id=\"cig4q6x\" data-element_type=\"section\" data-settings=\"{&quot;background_background&quot;:&quot;classic&quot;}\">\n\t\t\t\t\t\t<div class=\"elementor-container elementor-column-gap-default\">\n\t\t\t\t\t\t\t<div class=\"elementor-row\">\n\t\t\t\t\t<div class=\"elementor-column elementor-col-100 elementor-top-column elementor-element elementor-element-55cy4ji\" data-id=\"55cy4ji\" data-element_type=\"column\">\n\t\t\t<div class=\"elementor-column-wrap\">\n\t\t\t\t\t\t\t<div class=\"elementor-widget-wrap\">\n\t\t\t\t\t\t\t\t<\/div>\n\t\t\t\t\t<\/div>\n\t\t<\/div>\n\t\t\t\t\t\t\t\t<\/div>\n\t\t\t\t\t<\/div>\n\t\t<\/section>\n\t\t\t\t<section class=\"elementor-section elementor-top-section elementor-element elementor-element-50nx0rj elementor-section-full_width elementor-section-height-default elementor-section-height-default\" data-id=\"50nx0rj\" data-element_type=\"section\" id=\"work\">\n\t\t\t\t\t\t<div class=\"elementor-container elementor-column-gap-default\">\n\t\t\t\t\t\t\t<div class=\"elementor-row\">\n\t\t\t\t\t<div class=\"elementor-column elementor-col-50 elementor-top-column elementor-element elementor-element-81146bc\" data-id=\"81146bc\" data-element_type=\"column\">\n\t\t\t<div class=\"elementor-column-wrap elementor-element-populated\">\n\t\t\t\t\t\t\t<div class=\"elementor-widget-wrap\">\n\t\t\t\t\t\t<div class=\"elementor-element elementor-element-5ff6d6b elementor-widget elementor-widget-google_maps\" data-id=\"5ff6d6b\" data-element_type=\"widget\" data-widget_type=\"google_maps.default\">\n\t\t\t\t<div class=\"elementor-widget-container\">\n\t\t\t\t\t<div class=\"elementor-custom-embed\">\n\t\t\t<iframe loading=\"lazy\"\n\t\t\t\t\tsrc=\"https:\/\/maps.google.com\/maps?q=Naples%2C%20971%20tivoli%20ct&#038;t=m&#038;z=17&#038;output=embed&#038;iwloc=near\"\n\t\t\t\t\ttitle=\"Naples, 971 tivoli ct\"\n\t\t\t\t\taria-label=\"Naples, 971 tivoli ct\"\n\t\t\t><\/iframe>\n\t\t<\/div>\n\t\t\t\t<\/div>\n\t\t\t\t<\/div>\n\t\t\t\t\t\t<\/div>\n\t\t\t\t\t<\/div>\n\t\t<\/div>\n\t\t\t\t<div class=\"elementor-column elementor-col-50 elementor-top-column elementor-element elementor-element-bmfwd60 big-margin\" data-id=\"bmfwd60\" data-element_type=\"column\">\n\t\t\t<div class=\"elementor-column-wrap elementor-element-populated\">\n\t\t\t\t\t\t\t<div class=\"elementor-widget-wrap\">\n\t\t\t\t\t\t<div class=\"elementor-element elementor-element-orc756z gallery-spacing-custom elementor-widget elementor-widget-image-gallery\" data-id=\"orc756z\" data-element_type=\"widget\" data-widget_type=\"image-gallery.default\">\n\t\t\t\t<div class=\"elementor-widget-container\">\n\t\t\t\t\t<div class=\"elementor-image-gallery\">\n\t\t\t<div id='gallery-1' class='gallery galleryid-242 gallery-columns-1 gallery-size-large'><figure class='gallery-item'>\n\t\t\t<div class='gallery-icon landscape'>\n\t\t\t\t<a data-elementor-open-lightbox=\"yes\" data-elementor-lightbox-slideshow=\"orc756z\" data-elementor-lightbox-title=\"P1000041k\" e-action-hash=\"#elementor-action%3Aaction%3Dlightbox%26settings%3DeyJpZCI6NDM3LCJ1cmwiOiJodHRwOlwvXC93d3cuYnJpYXJ3b29kLmRlXC93cC1jb250ZW50XC91cGxvYWRzXC8yMDE5XC8wOFwvUDEwMDAwNDFrLmpwZyIsInNsaWRlc2hvdyI6Im9yYzc1NnoifQ%3D%3D\" href='http:\/\/www.briarwood.de\/wp-content\/uploads\/2019\/08\/P1000041k.jpg'><img width=\"1024\" height=\"576\" src=\"http:\/\/www.briarwood.de\/wp-content\/uploads\/2019\/08\/P1000041k-1024x576.jpg\" class=\"attachment-large size-large\" alt=\"\" decoding=\"async\" loading=\"lazy\" srcset=\"http:\/\/www.briarwood.de\/wp-content\/uploads\/2019\/08\/P1000041k-1024x576.jpg 1024w, http:\/\/www.briarwood.de\/wp-content\/uploads\/2019\/08\/P1000041k-300x169.jpg 300w, http:\/\/www.briarwood.de\/wp-content\/uploads\/2019\/08\/P1000041k-768x432.jpg 768w\" sizes=\"(max-width: 1024px) 100vw, 1024px\" \/><\/a>\n\t\t\t<\/div><\/figure>\n\t\t<\/div>\n\t\t<\/div>\n\t\t\t\t<\/div>\n\t\t\t\t<\/div>\n\t\t\t\t\t\t<\/div>\n\t\t\t\t\t<\/div>\n\t\t<\/div>\n\t\t\t\t\t\t\t\t<\/div>\n\t\t\t\t\t<\/div>\n\t\t<\/section>\n\t\t\t\t<section class=\"elementor-section elementor-top-section elementor-element elementor-element-52da634 elementor-section-full_width elementor-section-height-default elementor-section-height-default\" data-id=\"52da634\" data-element_type=\"section\" data-settings=\"{&quot;background_background&quot;:&quot;classic&quot;}\">\n\t\t\t\t\t\t<div class=\"elementor-container elementor-column-gap-default\">\n\t\t\t\t\t\t\t<div class=\"elementor-row\">\n\t\t\t\t\t<div class=\"elementor-column elementor-col-100 elementor-top-column elementor-element elementor-element-de0b20b\" data-id=\"de0b20b\" data-element_type=\"column\">\n\t\t\t<div class=\"elementor-column-wrap elementor-element-populated\">\n\t\t\t\t\t\t\t<div class=\"elementor-widget-wrap\">\n\t\t\t\t\t\t<div class=\"elementor-element elementor-element-d658a44 elementor-arrows-position-inside elementor-pagination-position-outside elementor-widget elementor-widget-image-carousel\" data-id=\"d658a44\" data-element_type=\"widget\" data-settings=\"{&quot;navigation&quot;:&quot;both&quot;,&quot;autoplay&quot;:&quot;yes&quot;,&quot;pause_on_hover&quot;:&quot;yes&quot;,&quot;pause_on_interaction&quot;:&quot;yes&quot;,&quot;autoplay_speed&quot;:5000,&quot;infinite&quot;:&quot;yes&quot;,&quot;speed&quot;:500}\" data-widget_type=\"image-carousel.default\">\n\t\t\t\t<div class=\"elementor-widget-container\">\n\t\t\t\t\t<div class=\"elementor-image-carousel-wrapper swiper-container\" dir=\"ltr\">\n\t\t\t<div class=\"elementor-image-carousel swiper-wrapper\">\n\t\t\t\t\t\t\t\t<div class=\"swiper-slide\"><figure class=\"swiper-slide-inner\"><img decoding=\"async\" class=\"swiper-slide-image\" src=\"http:\/\/www.briarwood.de\/wp-content\/uploads\/2019\/08\/pool3-1.jpg\" alt=\"pool3\" \/><\/figure><\/div><div class=\"swiper-slide\"><figure class=\"swiper-slide-inner\"><img decoding=\"async\" class=\"swiper-slide-image\" src=\"http:\/\/www.briarwood.de\/wp-content\/uploads\/2019\/08\/Pool2-1.jpg\" alt=\"Pool2\" \/><\/figure><\/div><div class=\"swiper-slide\"><figure class=\"swiper-slide-inner\"><img decoding=\"async\" class=\"swiper-slide-image\" src=\"http:\/\/www.briarwood.de\/wp-content\/uploads\/2019\/08\/Pool1-1.jpg\" alt=\"Pool1\" \/><\/figure><\/div><div class=\"swiper-slide\"><figure class=\"swiper-slide-inner\"><img decoding=\"async\" class=\"swiper-slide-image\" src=\"http:\/\/www.briarwood.de\/wp-content\/uploads\/2019\/08\/pool4-1.jpg\" alt=\"pool4\" \/><\/figure><\/div><div class=\"swiper-slide\"><figure class=\"swiper-slide-inner\"><img decoding=\"async\" class=\"swiper-slide-image\" src=\"http:\/\/www.briarwood.de\/wp-content\/uploads\/2019\/08\/See2.jpg\" alt=\"See2\" \/><\/figure><\/div><div class=\"swiper-slide\"><figure class=\"swiper-slide-inner\"><img decoding=\"async\" class=\"swiper-slide-image\" src=\"http:\/\/www.briarwood.de\/wp-content\/uploads\/2019\/08\/See1.jpg\" alt=\"See1\" \/><\/figure><\/div><div class=\"swiper-slide\"><figure class=\"swiper-slide-inner\"><img decoding=\"async\" class=\"swiper-slide-image\" src=\"http:\/\/www.briarwood.de\/wp-content\/uploads\/2019\/08\/pool4.jpg\" alt=\"pool4\" \/><\/figure><\/div><div class=\"swiper-slide\"><figure class=\"swiper-slide-inner\"><img decoding=\"async\" class=\"swiper-slide-image\" src=\"http:\/\/www.briarwood.de\/wp-content\/uploads\/2019\/08\/pool3.jpg\" alt=\"pool3\" \/><\/figure><\/div><div class=\"swiper-slide\"><figure class=\"swiper-slide-inner\"><img decoding=\"async\" class=\"swiper-slide-image\" src=\"http:\/\/www.briarwood.de\/wp-content\/uploads\/2019\/08\/Pool2.jpg\" alt=\"Pool2\" \/><\/figure><\/div><div class=\"swiper-slide\"><figure class=\"swiper-slide-inner\"><img decoding=\"async\" class=\"swiper-slide-image\" src=\"http:\/\/www.briarwood.de\/wp-content\/uploads\/2019\/08\/Pool1.jpg\" alt=\"Pool1\" \/><\/figure><\/div><div class=\"swiper-slide\"><figure class=\"swiper-slide-inner\"><img decoding=\"async\" class=\"swiper-slide-image\" src=\"http:\/\/www.briarwood.de\/wp-content\/uploads\/2019\/08\/P1000430.jpg\" alt=\"P1000430\" \/><\/figure><\/div><div class=\"swiper-slide\"><figure class=\"swiper-slide-inner\"><img decoding=\"async\" class=\"swiper-slide-image\" src=\"http:\/\/www.briarwood.de\/wp-content\/uploads\/2019\/08\/P1000423.jpg\" alt=\"P1000423\" \/><\/figure><\/div><div class=\"swiper-slide\"><figure class=\"swiper-slide-inner\"><img decoding=\"async\" class=\"swiper-slide-image\" src=\"http:\/\/www.briarwood.de\/wp-content\/uploads\/2019\/08\/P1000418.jpg\" alt=\"P1000418\" \/><\/figure><\/div><div class=\"swiper-slide\"><figure class=\"swiper-slide-inner\"><img decoding=\"async\" class=\"swiper-slide-image\" src=\"http:\/\/www.briarwood.de\/wp-content\/uploads\/2019\/08\/P1000413.jpg\" alt=\"P1000413\" \/><\/figure><\/div><div class=\"swiper-slide\"><figure class=\"swiper-slide-inner\"><img decoding=\"async\" class=\"swiper-slide-image\" src=\"http:\/\/www.briarwood.de\/wp-content\/uploads\/2019\/08\/P1000375.jpg\" alt=\"P1000375\" \/><\/figure><\/div><div class=\"swiper-slide\"><figure class=\"swiper-slide-inner\"><img decoding=\"async\" class=\"swiper-slide-image\" src=\"http:\/\/www.briarwood.de\/wp-content\/uploads\/2019\/08\/P1000365.jpg\" alt=\"P1000365\" \/><\/figure><\/div><div class=\"swiper-slide\"><figure class=\"swiper-slide-inner\"><img decoding=\"async\" class=\"swiper-slide-image\" src=\"http:\/\/www.briarwood.de\/wp-content\/uploads\/2019\/08\/P1000355.jpg\" alt=\"P1000355\" \/><\/figure><\/div><div class=\"swiper-slide\"><figure class=\"swiper-slide-inner\"><img decoding=\"async\" class=\"swiper-slide-image\" src=\"http:\/\/www.briarwood.de\/wp-content\/uploads\/2019\/08\/outkitchen.jpg\" alt=\"outkitchen\" \/><\/figure><\/div><div class=\"swiper-slide\"><figure class=\"swiper-slide-inner\"><img decoding=\"async\" class=\"swiper-slide-image\" src=\"http:\/\/www.briarwood.de\/wp-content\/uploads\/2019\/08\/Master2.jpg\" alt=\"Master2\" \/><\/figure><\/div><div class=\"swiper-slide\"><figure class=\"swiper-slide-inner\"><img decoding=\"async\" class=\"swiper-slide-image\" src=\"http:\/\/www.briarwood.de\/wp-content\/uploads\/2019\/08\/Master1.jpg\" alt=\"Master1\" \/><\/figure><\/div><div class=\"swiper-slide\"><figure class=\"swiper-slide-inner\"><img decoding=\"async\" class=\"swiper-slide-image\" src=\"http:\/\/www.briarwood.de\/wp-content\/uploads\/2019\/08\/living6.jpg\" alt=\"living6\" \/><\/figure><\/div><div class=\"swiper-slide\"><figure class=\"swiper-slide-inner\"><img decoding=\"async\" class=\"swiper-slide-image\" src=\"http:\/\/www.briarwood.de\/wp-content\/uploads\/2019\/08\/living5.jpg\" alt=\"living5\" \/><\/figure><\/div><div class=\"swiper-slide\"><figure class=\"swiper-slide-inner\"><img decoding=\"async\" class=\"swiper-slide-image\" src=\"http:\/\/www.briarwood.de\/wp-content\/uploads\/2019\/08\/living4.jpg\" alt=\"living4\" \/><\/figure><\/div><div class=\"swiper-slide\"><figure class=\"swiper-slide-inner\"><img decoding=\"async\" class=\"swiper-slide-image\" src=\"http:\/\/www.briarwood.de\/wp-content\/uploads\/2019\/08\/living3.jpg\" alt=\"living3\" \/><\/figure><\/div><div class=\"swiper-slide\"><figure class=\"swiper-slide-inner\"><img decoding=\"async\" class=\"swiper-slide-image\" src=\"http:\/\/www.briarwood.de\/wp-content\/uploads\/2019\/08\/living2.jpg\" alt=\"living2\" \/><\/figure><\/div><div class=\"swiper-slide\"><figure class=\"swiper-slide-inner\"><img decoding=\"async\" class=\"swiper-slide-image\" src=\"http:\/\/www.briarwood.de\/wp-content\/uploads\/2019\/08\/living1.jpg\" alt=\"living1\" \/><\/figure><\/div><div class=\"swiper-slide\"><figure class=\"swiper-slide-inner\"><img decoding=\"async\" class=\"swiper-slide-image\" src=\"http:\/\/www.briarwood.de\/wp-content\/uploads\/2019\/08\/TwinBed.jpg\" alt=\"TwinBed\" \/><\/figure><\/div><div class=\"swiper-slide\"><figure class=\"swiper-slide-inner\"><img decoding=\"async\" class=\"swiper-slide-image\" src=\"http:\/\/www.briarwood.de\/wp-content\/uploads\/2019\/08\/G\u00e4stezimmer-Kingsize.jpg\" alt=\"G\u00e4stezimmer Kingsize\" \/><\/figure><\/div><div class=\"swiper-slide\"><figure class=\"swiper-slide-inner\"><img decoding=\"async\" class=\"swiper-slide-image\" src=\"http:\/\/www.briarwood.de\/wp-content\/uploads\/2019\/08\/Front1.jpg\" alt=\"Front1\" \/><\/figure><\/div><div class=\"swiper-slide\"><figure class=\"swiper-slide-inner\"><img decoding=\"async\" class=\"swiper-slide-image\" src=\"http:\/\/www.briarwood.de\/wp-content\/uploads\/2019\/08\/B\u00fcro.jpg\" alt=\"B\u00fcro\" \/><\/figure><\/div><div class=\"swiper-slide\"><figure class=\"swiper-slide-inner\"><img decoding=\"async\" class=\"swiper-slide-image\" src=\"http:\/\/www.briarwood.de\/wp-content\/uploads\/2019\/08\/Bad2-e1566057868201.jpg\" alt=\"Bad2\" \/><\/figure><\/div><div class=\"swiper-slide\"><figure class=\"swiper-slide-inner\"><img decoding=\"async\" class=\"swiper-slide-image\" src=\"http:\/\/www.briarwood.de\/wp-content\/uploads\/2019\/08\/P1000041k.jpg\" alt=\"P1000041k\" \/><\/figure><\/div><div class=\"swiper-slide\"><figure class=\"swiper-slide-inner\"><img decoding=\"async\" class=\"swiper-slide-image\" src=\"http:\/\/www.briarwood.de\/wp-content\/uploads\/2019\/08\/P1000450k.jpg\" alt=\"P1000450k\" \/><\/figure><\/div><div class=\"swiper-slide\"><figure class=\"swiper-slide-inner\"><img decoding=\"async\" class=\"swiper-slide-image\" src=\"http:\/\/www.briarwood.de\/wp-content\/uploads\/2019\/06\/Hausansicht1-1.jpg\" alt=\"Hausansicht1\" \/><\/figure><\/div><div class=\"swiper-slide\"><figure class=\"swiper-slide-inner\"><img decoding=\"async\" class=\"swiper-slide-image\" src=\"http:\/\/www.briarwood.de\/wp-content\/uploads\/2019\/06\/IMG_2710.jpg\" alt=\"IMG_2710\" \/><\/figure><\/div><div class=\"swiper-slide\"><figure class=\"swiper-slide-inner\"><img decoding=\"async\" class=\"swiper-slide-image\" src=\"http:\/\/www.briarwood.de\/wp-content\/uploads\/2019\/06\/IMG_2716.jpg\" alt=\"IMG_2716\" \/><\/figure><\/div><div class=\"swiper-slide\"><figure class=\"swiper-slide-inner\"><img decoding=\"async\" class=\"swiper-slide-image\" src=\"http:\/\/www.briarwood.de\/wp-content\/uploads\/2019\/06\/IMG_2704.jpg\" alt=\"IMG_2704\" \/><\/figure><\/div><div class=\"swiper-slide\"><figure class=\"swiper-slide-inner\"><img decoding=\"async\" class=\"swiper-slide-image\" src=\"http:\/\/www.briarwood.de\/wp-content\/uploads\/2019\/06\/IMG_2701.jpg\" alt=\"IMG_2701\" \/><\/figure><\/div><div class=\"swiper-slide\"><figure class=\"swiper-slide-inner\"><img decoding=\"async\" class=\"swiper-slide-image\" src=\"http:\/\/www.briarwood.de\/wp-content\/uploads\/2019\/06\/IMG_2700.jpg\" alt=\"IMG_2700\" \/><\/figure><\/div><div class=\"swiper-slide\"><figure class=\"swiper-slide-inner\"><img decoding=\"async\" class=\"swiper-slide-image\" src=\"http:\/\/www.briarwood.de\/wp-content\/uploads\/2019\/06\/IMG_2698.jpg\" alt=\"IMG_2698\" \/><\/figure><\/div><div class=\"swiper-slide\"><figure class=\"swiper-slide-inner\"><img decoding=\"async\" class=\"swiper-slide-image\" src=\"http:\/\/www.briarwood.de\/wp-content\/uploads\/2019\/06\/IMG_2697.jpg\" alt=\"IMG_2697\" \/><\/figure><\/div><div class=\"swiper-slide\"><figure class=\"swiper-slide-inner\"><img decoding=\"async\" class=\"swiper-slide-image\" src=\"http:\/\/www.briarwood.de\/wp-content\/uploads\/2019\/06\/R\u00fcckansicht1.jpg\" alt=\"R\u00fcckansicht1\" \/><\/figure><\/div><div class=\"swiper-slide\"><figure class=\"swiper-slide-inner\"><img decoding=\"async\" class=\"swiper-slide-image\" src=\"http:\/\/www.briarwood.de\/wp-content\/uploads\/2019\/06\/Sommerk\u00fcche-und-Sitzecke.jpg\" alt=\"Sommerk\u00fcche und Sitzecke\" \/><\/figure><\/div><div class=\"swiper-slide\"><figure class=\"swiper-slide-inner\"><img decoding=\"async\" class=\"swiper-slide-image\" src=\"http:\/\/www.briarwood.de\/wp-content\/uploads\/2019\/06\/R\u00fcckansicht.jpg\" alt=\"R\u00fcckansicht\" \/><\/figure><\/div><div class=\"swiper-slide\"><figure class=\"swiper-slide-inner\"><img decoding=\"async\" class=\"swiper-slide-image\" src=\"http:\/\/www.briarwood.de\/wp-content\/uploads\/2019\/06\/Pool-Aussenk\u00fcche-Terrasse.jpg\" alt=\"Pool-Aussenk\u00fcche-Terrasse\" \/><\/figure><\/div><div class=\"swiper-slide\"><figure class=\"swiper-slide-inner\"><img decoding=\"async\" class=\"swiper-slide-image\" src=\"http:\/\/www.briarwood.de\/wp-content\/uploads\/2019\/06\/Master-Bedroom.jpg\" alt=\"Master Bedroom\" \/><\/figure><\/div><div class=\"swiper-slide\"><figure class=\"swiper-slide-inner\"><img decoding=\"async\" class=\"swiper-slide-image\" src=\"http:\/\/www.briarwood.de\/wp-content\/uploads\/2019\/06\/Masterbad-1.jpg\" alt=\"Masterbad 1\" \/><\/figure><\/div><div class=\"swiper-slide\"><figure class=\"swiper-slide-inner\"><img decoding=\"async\" class=\"swiper-slide-image\" src=\"http:\/\/www.briarwood.de\/wp-content\/uploads\/2019\/06\/Masterbad.jpg\" alt=\"Masterbad\" \/><\/figure><\/div><div class=\"swiper-slide\"><figure class=\"swiper-slide-inner\"><img decoding=\"async\" class=\"swiper-slide-image\" src=\"http:\/\/www.briarwood.de\/wp-content\/uploads\/2019\/06\/K\u00fcche-Wohnzimmer.jpg\" alt=\"K\u00fcche - Wohnzimmer\" \/><\/figure><\/div><div class=\"swiper-slide\"><figure class=\"swiper-slide-inner\"><img decoding=\"async\" class=\"swiper-slide-image\" src=\"http:\/\/www.briarwood.de\/wp-content\/uploads\/2019\/06\/Hausansicht1.jpg\" alt=\"Hausansicht1\" \/><\/figure><\/div><div class=\"swiper-slide\"><figure class=\"swiper-slide-inner\"><img decoding=\"async\" class=\"swiper-slide-image\" src=\"http:\/\/www.briarwood.de\/wp-content\/uploads\/2019\/06\/G\u00e4stezimmer-Kingsize.jpg\" alt=\"G\u00e4stezimmer Kingsize\" \/><\/figure><\/div><div class=\"swiper-slide\"><figure class=\"swiper-slide-inner\"><img decoding=\"async\" class=\"swiper-slide-image\" src=\"http:\/\/www.briarwood.de\/wp-content\/uploads\/2019\/06\/Au\u00dfenk\u00fcche-Sitzecke-Terrasse.jpg\" alt=\"Au\u00dfenk\u00fcche-Sitzecke-Terrasse\" \/><\/figure><\/div><div class=\"swiper-slide\"><figure class=\"swiper-slide-inner\"><img decoding=\"async\" class=\"swiper-slide-image\" src=\"http:\/\/www.briarwood.de\/wp-content\/uploads\/2019\/06\/Bad-1.jpg\" alt=\"Bad 1\" \/><\/figure><\/div><div class=\"swiper-slide\"><figure class=\"swiper-slide-inner\"><img decoding=\"async\" class=\"swiper-slide-image\" src=\"http:\/\/www.briarwood.de\/wp-content\/uploads\/2019\/06\/Bad-2.jpg\" alt=\"Bad 2\" \/><\/figure><\/div><div class=\"swiper-slide\"><figure class=\"swiper-slide-inner\"><img decoding=\"async\" class=\"swiper-slide-image\" src=\"http:\/\/www.briarwood.de\/wp-content\/uploads\/2019\/06\/Au\u00dfenk\u00fcche-mit-B\u00fcro.jpg\" alt=\"Au\u00dfenk\u00fcche mit B\u00fcro\" \/><\/figure><\/div><div class=\"swiper-slide\"><figure class=\"swiper-slide-inner\"><img decoding=\"async\" class=\"swiper-slide-image\" src=\"http:\/\/www.briarwood.de\/wp-content\/uploads\/2019\/06\/IMG_2703.jpg\" alt=\"IMG_2703\" \/><\/figure><\/div><div class=\"swiper-slide\"><figure class=\"swiper-slide-inner\"><img decoding=\"async\" class=\"swiper-slide-image\" src=\"http:\/\/www.briarwood.de\/wp-content\/uploads\/2019\/06\/Lake-View-left.jpg\" alt=\"Lake View left\" \/><\/figure><\/div><div class=\"swiper-slide\"><figure class=\"swiper-slide-inner\"><img decoding=\"async\" class=\"swiper-slide-image\" src=\"http:\/\/www.briarwood.de\/wp-content\/uploads\/2019\/06\/Hausr\u00fcckansicht.jpg\" alt=\"Hausr\u00fcckansicht\" \/><\/figure><\/div><div class=\"swiper-slide\"><figure class=\"swiper-slide-inner\"><img decoding=\"async\" class=\"swiper-slide-image\" src=\"http:\/\/www.briarwood.de\/wp-content\/uploads\/2019\/06\/Hausfront.jpg\" alt=\"Hausfront\" \/><\/figure><\/div>\t\t\t<\/div>\n\t\t\t\t\t\t\t\t\t\t\t\t<div class=\"swiper-pagination\"><\/div>\n\t\t\t\t\t\t\t\t\t\t\t\t\t<div class=\"elementor-swiper-button elementor-swiper-button-prev\">\n\t\t\t\t\t\t<i aria-hidden=\"true\" class=\"eicon-chevron-left\"><\/i>\t\t\t\t\t\t<span class=\"elementor-screen-only\">Zur\u00fcck<\/span>\n\t\t\t\t\t<\/div>\n\t\t\t\t\t<div class=\"elementor-swiper-button elementor-swiper-button-next\">\n\t\t\t\t\t\t<i aria-hidden=\"true\" class=\"eicon-chevron-right\"><\/i>\t\t\t\t\t\t<span class=\"elementor-screen-only\">Weiter<\/span>\n\t\t\t\t\t<\/div>\n\t\t\t\t\t\t\t\t\t<\/div>\n\t\t\t\t<\/div>\n\t\t\t\t<\/div>\n\t\t\t\t\t\t<\/div>\n\t\t\t\t\t<\/div>\n\t\t<\/div>\n\t\t\t\t\t\t\t\t<\/div>\n\t\t\t\t\t<\/div>\n\t\t<\/section>\n\t\t\t\t\t\t\t\t\t<\/div>\n\t\t\t<\/div>\n\t\t\t\t\t<\/div>\n\t\t","protected":false},"excerpt":{"rendered":"","protected":false},"author":1,"featured_media":0,"parent":0,"menu_order":0,"comment_status":"closed","ping_status":"closed","template":"","meta":[],"_links":{"self":[{"href":"http:\/\/www.briarwood.de\/index.php?rest_route=\/wp\/v2\/pages\/242"}],"collection":[{"href":"http:\/\/www.briarwood.de\/index.php?rest_route=\/wp\/v2\/pages"}],"about":[{"href":"http:\/\/www.briarwood.de\/index.php?rest_route=\/wp\/v2\/types\/page"}],"author":[{"embeddable":true,"href":"http:\/\/www.briarwood.de\/index.php?rest_route=\/wp\/v2\/users\/1"}],"replies":[{"embeddable":true,"href":"http:\/\/www.briarwood.de\/index.php?rest_route=%2Fwp%2Fv2%2Fcomments&post=242"}],"version-history":[{"count":20,"href":"http:\/\/www.briarwood.de\/index.php?rest_route=\/wp\/v2\/pages\/242\/revisions"}],"predecessor-version":[{"id":478,"href":"http:\/\/www.briarwood.de\/index.php?rest_route=\/wp\/v2\/pages\/242\/revisions\/478"}],"wp:attachment":[{"href":"http:\/\/www.briarwood.de\/index.php?rest_route=%2Fwp%2Fv2%2Fmedia&parent=242"}],"curies":[{"name":"wp","href":"https:\/\/api.w.org\/{rel}","templated":true}]}}